{"id":190,"date":"2022-04-20T10:44:53","date_gmt":"2022-04-20T08:44:53","guid":{"rendered":"http:\/\/eveil-musical-lille.fr\/?page_id=190"},"modified":"2022-09-17T10:23:18","modified_gmt":"2022-09-17T08:23:18","slug":"eveil-musical-lille-3","status":"publish","type":"page","link":"https:\/\/eveil-musical-lille.fr\/index.php\/eveil-musical-lille-3\/","title":{"rendered":"PARTENAIRES"},"content":{"rendered":"<hr \/>\r\n<h1 class=\"has-text-align-right has-text-align-left has-text-color\" style=\"color: #ffffff;\"><em><span style=\"font-size: large;\">L&#8217;\u00e9veil musical \u00e0 Lille m\u00e9tropole : \u00ab nos partenaires sont aussi les v\u00f4tres&#8221;<\/span><\/em><\/h1>\r\n<div style=\"text-indent: 30px;\">\r\n<p class=\"has-text-align-justify has-text-color\" style=\"color: #a6a6a6;\">Nos cours d&#8217;\u00e9veil musical (\u00e0 Lille et sa m\u00e9tropole) sont donn\u00e9s par des professionnels passionn\u00e9s. Nous avons donc \u00e0 c\u0153ur de vous proposer \u00e9galement des partenaires de qualit\u00e9.<\/p>\r\n<\/div>\r\n<p class=\"has-text-align-justify has-text-color\" style=\"color: #ff8300; text-align: left;\"><span style=\"font-size: large;\"><img loading=\"lazy\" decoding=\"async\" class=\"alignright wp-image-519 size-medium\" style=\"margin-left: 200px;\" title=\"\u00e9veil musical\" src=\"https:\/\/courspianolille.files.wordpress.com\/2022\/03\/1080p_template_logo.jpg?w=300\" alt=\"\u00e9veil musical\" width=\"300\" height=\"169\" \/><\/span><\/p>\r\n<p>&nbsp;<\/p>\r\n<p>&nbsp;<\/p>\r\n<p>&nbsp;<\/p>\r\n<div style=\"text-indent: 30px;\">\r\n<p>&nbsp;<\/p>\r\n<p class=\"has-text-align-justify has-text-color\" style=\"color: #a6a6a6;\"><a style=\"color: #ff8300;\" href=\"http:\/\/www.cours-guitare-lille.fr\" target=\"_blank\" rel=\"noopener\">Guitar Lessons<\/a> est une <strong>\u00e9cole professionnelle<\/strong> de guitare \u00e9tablie sur la r\u00e9gion lilloise. Elle fait partie des 24 structures ayant rejoint le r\u00e9seau national des \u00e9coles Ibanez. Vous y trouverez des <strong>cours particuliers<\/strong> ouverts \u00e0 tous les personnes voulant apprendre et se faire plaisir \u00e0 travers la pratique de l&#8217;instrument. Avec <em><strong>Guitar Lessons<\/strong><\/em>, vous b\u00e9n\u00e9ficiez d\u2019un local de travail tout \u00e9quip\u00e9 en <strong>mat\u00e9riel professionnel<\/strong>. Ainsi, vous progresserez de mani\u00e8re rapide et efficace. <em><strong>Guitar Lessons<\/strong><\/em> propose \u00e9galement de <strong>nombreux stages<\/strong> de qualit\u00e9 ainsi que l\u2019acc\u00e8s gratuit \u00e0 des <strong>masterclasses<\/strong> d\u2019artistes professionnels.<\/p>\r\n<\/div>\r\n<p>&nbsp;<\/p>\r\n<p class=\"has-text-align-justify has-text-color\" style=\"color: #ff8300;\"><span style=\"font-size: large;\"><strong><img loading=\"lazy\" decoding=\"async\" class=\"alignright wp-image-521 size-medium\" style=\"margin-left: 200px;\" title=\"\u00e9veil musical\" src=\"https:\/\/courspianolille.files.wordpress.com\/2022\/03\/logo-general.jpg?w=300\" alt=\"cours piano\" width=\"300\" height=\"138\" \/><\/strong><\/span><\/p>\r\n<div style=\"text-indent: 30px;\">\r\n<p>&nbsp;<\/p>\r\n<\/div>\r\n<p>&nbsp;<\/p>\r\n<p>&nbsp;<\/p>\r\n<p>&nbsp;<\/p>\r\n<div style=\"text-indent: 30px;\">\r\n<p class=\"has-text-align-justify has-text-color\" style=\"color: #a6a6a6;\">\u00a0<a style=\"color: #ff8300;\" href=\"https:\/\/cours-piano-lille.fr\/\" target=\"_blank\" rel=\"noopener\">Musician Institute<\/a> vous propose des <strong>cours de piano de 1 heure en individuels ou &#8220;semi-individuels&#8221; <\/strong>(2 \u00e9l\u00e8ves). Vous profiterez d&#8217;une organisation unique, mixant temps de travail coh\u00e9rent, \u00e9change musical r\u00e9el et aide individuelle. Les cours de piano sont ouverts \u00e0 tous \u00e2ges et tous niveaux (\u00e0 partir de 6 ans). Votre enfant sera ravi de rejoindre cette \u00e9cole apr\u00e8s avoir suivi le cursus d&#8217;\u00e9veil musical.<\/p>\r\n<p>&nbsp;<\/p>\r\n<p class=\"has-text-align-justify has-text-color\" style=\"color: #ff8300; text-align: left;\"><span style=\"font-size: large;\"><img loading=\"lazy\" decoding=\"async\" class=\"alignright wp-image-518\" style=\"margin-left: 200px;\" src=\"https:\/\/courspianolille.files.wordpress.com\/2022\/03\/cours-guitare-lille-ef2m.png\" alt=\"\" width=\"300\" height=\"132\" \/><\/span><\/p>\r\n<p>&nbsp;<\/p>\r\n<p>&nbsp;<\/p>\r\n<p>&nbsp;<\/p>\r\n<div style=\"text-indent: 30px;\">\r\n<p class=\"has-text-align-justify has-text-color\" style=\"color: #a6a6a6;\"><a style=\"color: #ff8300;\" href=\"http:\/\/ef2m.com\/\" target=\"_blank\" rel=\"noopener\">L&#8217;EF2M<\/a> donne des cours de musique de mani\u00e8re approfondie. Ainsi, chaque stagiaire pourra devenir autonome, pr\u00e9parer son orientation, dans le cadre r\u00e9glement\u00e9 de la formation professionnelle. Veuillez noter par ailleurs que <strong><em>Musician Institute<\/em><\/strong> vous propose une formation sp\u00e9cifique \u00e0 l&#8217;entr\u00e9e dans cette \u00e9cole. Toutes les informations concernant cette derni\u00e8re sont disponibles <a style=\"color: #ff8300;\" href=\"http:\/\/www.cours-guitare-lille.fr\/ef2m-mai\/\" target=\"_blank\" rel=\"noopener\">ici<\/a>.<\/p>\r\n<\/div>\r\n<p>&nbsp;<\/p>\r\n<p class=\"has-text-align-justify has-text-color\" style=\"color: #ff8300; text-align: left;\"><span style=\"font-size: large;\"><strong><img loading=\"lazy\" decoding=\"async\" class=\"alignright wp-image-523\" style=\"margin-left: 200px;\" src=\"https:\/\/courspianolille.files.wordpress.com\/2022\/03\/roubaix-music.jpg\" alt=\"\" width=\"310\" height=\"113\" \/><\/strong><\/span><\/p>\r\n<p>&nbsp;<\/p>\r\n<p>&nbsp;<\/p>\r\n<p>&nbsp;<\/p>\r\n<div style=\"text-indent: 30px;\">\r\n<p class=\"has-text-align-justify has-text-color\" style=\"color: #a6a6a6;\">Avec une surface de 500 m\u00b2, <a style=\"color: #ff8300;\" href=\"https:\/\/www.roubaixmusic.com\/\" target=\"_blank\" rel=\"noopener\">Roubaix Music<\/a> vous permet de trouver un large choix d&#8217;instruments. De trop nombreux magasins de musique se contentent d\u00e9sormais de vous vendre un produit. Chez <em> Roubaix Music<\/em>, vous \u00eates accueillis et conseill\u00e9s avant de, tout simplement, repartir satisfait. La qualit\u00e9 toujours au meilleur prix du march\u00e9.<\/p>\r\n<p class=\"has-text-align-justify has-text-color\" style=\"color: #ff8300; text-align: left;\"><span style=\"font-size: large;\"><strong><\/strong><\/span><\/p>\r\n<p>&nbsp;<\/p>\r\n<\/div>\r\n<a href=\"https:\/\/eveil-musical-lille.fr\/index.php\/leveil-musical-a-lille-3\/\" target=\"_blank\" rel=\"noopener\"><img loading=\"lazy\" decoding=\"async\" class=\"alignright wp-image-516 size-medium\" title=\"\u00e9veil musical\" src=\"https:\/\/eveil-musical-lille.fr\/wp-content\/uploads\/2022\/05\/horloge-2-250x300.png\" alt=\"\u00e9veil musical\" width=\"50\" height=\"300\" \/><\/a><\/div>","protected":false},"excerpt":{"rendered":"<p>L&#8217;\u00e9veil musical \u00e0 Lille m\u00e9tropole : \u00ab nos partenaires sont aussi les v\u00f4tres&#8221; Nos cours d&#8217;\u00e9veil musical (\u00e0 Lille et sa m\u00e9tropole) sont donn\u00e9s par des professionnels passionn\u00e9s. Nous avons donc \u00e0 c\u0153ur de vous proposer \u00e9galement des partenaires de qualit\u00e9. &nbsp; &nbsp; &nbsp; &nbsp; Guitar Lessons est une \u00e9cole professionnelle de guitare \u00e9tablie sur<\/p><\/div>\n<div class=\"blog-btn\"><a href=\"https:\/\/eveil-musical-lille.fr\/index.php\/eveil-musical-lille-3\/\" class=\"home-blog-btn\">Read More<\/a><\/p>\n","protected":false},"author":1,"featured_media":0,"parent":0,"menu_order":0,"comment_status":"closed","ping_status":"closed","template":"","meta":{"footnotes":""},"class_list":["post-190","page","type-page","status-publish","hentry"],"yoast_head":"<!-- This site is optimized with the Yoast SEO plugin v27.5 - https:\/\/yoast.com\/product\/yoast-seo-wordpress\/ -->\n<title>PARTENAIRES - EVEIL MUSICAL A LILLE METROPOLE<\/title>\n<meta name=\"description\" content=\"Musician Kids Institute (l&#039;\u00e9veil musical \u00e0 Lille) est une \u00e9cole professionnelle, situ\u00e9e \u00e0 Tourcoing, ouverte \u00e0 tous les \u00e9l\u00e8ves de 4 \u00e0 10 ans.\" \/>\n<meta name=\"robots\" content=\"index, follow, max-snippet:-1, max-image-preview:large, max-video-preview:-1\" \/>\n<link rel=\"canonical\" href=\"https:\/\/eveil-musical-lille.fr\/index.php\/eveil-musical-lille-3\/\" \/>\n<meta property=\"og:locale\" content=\"en_US\" \/>\n<meta property=\"og:type\" content=\"article\" \/>\n<meta property=\"og:title\" content=\"PARTENAIRES - EVEIL MUSICAL A LILLE METROPOLE\" \/>\n<meta property=\"og:description\" content=\"Musician Kids Institute (l&#039;\u00e9veil musical \u00e0 Lille) est une \u00e9cole professionnelle, situ\u00e9e \u00e0 Tourcoing, ouverte \u00e0 tous les \u00e9l\u00e8ves de 4 \u00e0 10 ans.\" \/>\n<meta property=\"og:url\" content=\"https:\/\/eveil-musical-lille.fr\/index.php\/eveil-musical-lille-3\/\" \/>\n<meta property=\"og:site_name\" content=\"EVEIL MUSICAL A LILLE METROPOLE\" \/>\n<meta property=\"article:publisher\" content=\"https:\/\/www.facebook.com\/Musician-Kids-Institute-101004575925575\/\" \/>\n<meta property=\"article:modified_time\" content=\"2022-09-17T08:23:18+00:00\" \/>\n<meta property=\"og:image\" content=\"https:\/\/courspianolille.files.wordpress.com\/2022\/03\/1080p_template_logo.jpg?w=300\" \/>\n<meta name=\"twitter:card\" content=\"summary_large_image\" \/>\n<meta name=\"twitter:label1\" content=\"Est. reading time\" \/>\n\t<meta name=\"twitter:data1\" content=\"2 minutes\" \/>\n<script type=\"application\/ld+json\" class=\"yoast-schema-graph\">{\"@context\":\"https:\\\/\\\/schema.org\",\"@graph\":[{\"@type\":\"Article\",\"@id\":\"https:\\\/\\\/eveil-musical-lille.fr\\\/index.php\\\/eveil-musical-lille-3\\\/#article\",\"isPartOf\":{\"@id\":\"https:\\\/\\\/eveil-musical-lille.fr\\\/index.php\\\/eveil-musical-lille-3\\\/\"},\"author\":{\"name\":\"admin3546\",\"@id\":\"https:\\\/\\\/eveil-musical-lille.fr\\\/#\\\/schema\\\/person\\\/70ed6027c232abf21f648b176cd6af93\"},\"headline\":\"PARTENAIRES\",\"datePublished\":\"2022-04-20T08:44:53+00:00\",\"dateModified\":\"2022-09-17T08:23:18+00:00\",\"mainEntityOfPage\":{\"@id\":\"https:\\\/\\\/eveil-musical-lille.fr\\\/index.php\\\/eveil-musical-lille-3\\\/\"},\"wordCount\":335,\"publisher\":{\"@id\":\"https:\\\/\\\/eveil-musical-lille.fr\\\/#organization\"},\"image\":{\"@id\":\"https:\\\/\\\/eveil-musical-lille.fr\\\/index.php\\\/eveil-musical-lille-3\\\/#primaryimage\"},\"thumbnailUrl\":\"https:\\\/\\\/courspianolille.files.wordpress.com\\\/2022\\\/03\\\/1080p_template_logo.jpg?w=300\",\"inLanguage\":\"en-US\"},{\"@type\":\"WebPage\",\"@id\":\"https:\\\/\\\/eveil-musical-lille.fr\\\/index.php\\\/eveil-musical-lille-3\\\/\",\"url\":\"https:\\\/\\\/eveil-musical-lille.fr\\\/index.php\\\/eveil-musical-lille-3\\\/\",\"name\":\"PARTENAIRES - EVEIL MUSICAL A LILLE METROPOLE\",\"isPartOf\":{\"@id\":\"https:\\\/\\\/eveil-musical-lille.fr\\\/#website\"},\"primaryImageOfPage\":{\"@id\":\"https:\\\/\\\/eveil-musical-lille.fr\\\/index.php\\\/eveil-musical-lille-3\\\/#primaryimage\"},\"image\":{\"@id\":\"https:\\\/\\\/eveil-musical-lille.fr\\\/index.php\\\/eveil-musical-lille-3\\\/#primaryimage\"},\"thumbnailUrl\":\"https:\\\/\\\/courspianolille.files.wordpress.com\\\/2022\\\/03\\\/1080p_template_logo.jpg?w=300\",\"datePublished\":\"2022-04-20T08:44:53+00:00\",\"dateModified\":\"2022-09-17T08:23:18+00:00\",\"description\":\"Musician Kids Institute (l'\u00e9veil musical \u00e0 Lille) est une \u00e9cole professionnelle, situ\u00e9e \u00e0 Tourcoing, ouverte \u00e0 tous les \u00e9l\u00e8ves de 4 \u00e0 10 ans.\",\"breadcrumb\":{\"@id\":\"https:\\\/\\\/eveil-musical-lille.fr\\\/index.php\\\/eveil-musical-lille-3\\\/#breadcrumb\"},\"inLanguage\":\"en-US\",\"potentialAction\":[{\"@type\":\"ReadAction\",\"target\":[\"https:\\\/\\\/eveil-musical-lille.fr\\\/index.php\\\/eveil-musical-lille-3\\\/\"]}]},{\"@type\":\"ImageObject\",\"inLanguage\":\"en-US\",\"@id\":\"https:\\\/\\\/eveil-musical-lille.fr\\\/index.php\\\/eveil-musical-lille-3\\\/#primaryimage\",\"url\":\"https:\\\/\\\/courspianolille.files.wordpress.com\\\/2022\\\/03\\\/1080p_template_logo.jpg?w=300\",\"contentUrl\":\"https:\\\/\\\/courspianolille.files.wordpress.com\\\/2022\\\/03\\\/1080p_template_logo.jpg?w=300\"},{\"@type\":\"BreadcrumbList\",\"@id\":\"https:\\\/\\\/eveil-musical-lille.fr\\\/index.php\\\/eveil-musical-lille-3\\\/#breadcrumb\",\"itemListElement\":[{\"@type\":\"ListItem\",\"position\":1,\"name\":\"Accueil\",\"item\":\"https:\\\/\\\/eveil-musical-lille.fr\\\/\"},{\"@type\":\"ListItem\",\"position\":2,\"name\":\"PARTENAIRES\"}]},{\"@type\":\"WebSite\",\"@id\":\"https:\\\/\\\/eveil-musical-lille.fr\\\/#website\",\"url\":\"https:\\\/\\\/eveil-musical-lille.fr\\\/\",\"name\":\"EVEIL MUSICAL A LILLE METROPOLE\",\"description\":\"MUSICIAN KIDS INSTITUTE\",\"publisher\":{\"@id\":\"https:\\\/\\\/eveil-musical-lille.fr\\\/#organization\"},\"potentialAction\":[{\"@type\":\"SearchAction\",\"target\":{\"@type\":\"EntryPoint\",\"urlTemplate\":\"https:\\\/\\\/eveil-musical-lille.fr\\\/?s={search_term_string}\"},\"query-input\":{\"@type\":\"PropertyValueSpecification\",\"valueRequired\":true,\"valueName\":\"search_term_string\"}}],\"inLanguage\":\"en-US\"},{\"@type\":\"Organization\",\"@id\":\"https:\\\/\\\/eveil-musical-lille.fr\\\/#organization\",\"name\":\"Musician Kids Institute\",\"url\":\"https:\\\/\\\/eveil-musical-lille.fr\\\/\",\"logo\":{\"@type\":\"ImageObject\",\"inLanguage\":\"en-US\",\"@id\":\"https:\\\/\\\/eveil-musical-lille.fr\\\/#\\\/schema\\\/logo\\\/image\\\/\",\"url\":\"https:\\\/\\\/eveil-musical-lille.fr\\\/wp-content\\\/uploads\\\/2022\\\/04\\\/cropped-Logo-Kids-site-1.png\",\"contentUrl\":\"https:\\\/\\\/eveil-musical-lille.fr\\\/wp-content\\\/uploads\\\/2022\\\/04\\\/cropped-Logo-Kids-site-1.png\",\"width\":2000,\"height\":991,\"caption\":\"Musician Kids Institute\"},\"image\":{\"@id\":\"https:\\\/\\\/eveil-musical-lille.fr\\\/#\\\/schema\\\/logo\\\/image\\\/\"},\"sameAs\":[\"https:\\\/\\\/www.facebook.com\\\/Musician-Kids-Institute-101004575925575\\\/\"]},{\"@type\":\"Person\",\"@id\":\"https:\\\/\\\/eveil-musical-lille.fr\\\/#\\\/schema\\\/person\\\/70ed6027c232abf21f648b176cd6af93\",\"name\":\"admin3546\",\"image\":{\"@type\":\"ImageObject\",\"inLanguage\":\"en-US\",\"@id\":\"https:\\\/\\\/secure.gravatar.com\\\/avatar\\\/cfe1d948173a8bdb612aadd839c32e16c97fb43ac65fcb922ed5a748d384c00b?s=96&d=mm&r=g\",\"url\":\"https:\\\/\\\/secure.gravatar.com\\\/avatar\\\/cfe1d948173a8bdb612aadd839c32e16c97fb43ac65fcb922ed5a748d384c00b?s=96&d=mm&r=g\",\"contentUrl\":\"https:\\\/\\\/secure.gravatar.com\\\/avatar\\\/cfe1d948173a8bdb612aadd839c32e16c97fb43ac65fcb922ed5a748d384c00b?s=96&d=mm&r=g\",\"caption\":\"admin3546\"},\"sameAs\":[\"http:\\\/\\\/eveil-musical-lille.fr\"],\"url\":\"https:\\\/\\\/eveil-musical-lille.fr\\\/index.php\\\/author\\\/admin3546\\\/\"}]}<\/script>\n<!-- \/ Yoast SEO plugin. -->","yoast_head_json":{"title":"PARTENAIRES - EVEIL MUSICAL A LILLE METROPOLE","description":"Musician Kids Institute (l'\u00e9veil musical \u00e0 Lille) est une \u00e9cole professionnelle, situ\u00e9e \u00e0 Tourcoing, ouverte \u00e0 tous les \u00e9l\u00e8ves de 4 \u00e0 10 ans.","robots":{"index":"index","follow":"follow","max-snippet":"max-snippet:-1","max-image-preview":"max-image-preview:large","max-video-preview":"max-video-preview:-1"},"canonical":"https:\/\/eveil-musical-lille.fr\/index.php\/eveil-musical-lille-3\/","og_locale":"en_US","og_type":"article","og_title":"PARTENAIRES - EVEIL MUSICAL A LILLE METROPOLE","og_description":"Musician Kids Institute (l'\u00e9veil musical \u00e0 Lille) est une \u00e9cole professionnelle, situ\u00e9e \u00e0 Tourcoing, ouverte \u00e0 tous les \u00e9l\u00e8ves de 4 \u00e0 10 ans.","og_url":"https:\/\/eveil-musical-lille.fr\/index.php\/eveil-musical-lille-3\/","og_site_name":"EVEIL MUSICAL A LILLE METROPOLE","article_publisher":"https:\/\/www.facebook.com\/Musician-Kids-Institute-101004575925575\/","article_modified_time":"2022-09-17T08:23:18+00:00","og_image":[{"url":"https:\/\/courspianolille.files.wordpress.com\/2022\/03\/1080p_template_logo.jpg?w=300","type":"","width":"","height":""}],"twitter_card":"summary_large_image","twitter_misc":{"Est. reading time":"2 minutes"},"schema":{"@context":"https:\/\/schema.org","@graph":[{"@type":"Article","@id":"https:\/\/eveil-musical-lille.fr\/index.php\/eveil-musical-lille-3\/#article","isPartOf":{"@id":"https:\/\/eveil-musical-lille.fr\/index.php\/eveil-musical-lille-3\/"},"author":{"name":"admin3546","@id":"https:\/\/eveil-musical-lille.fr\/#\/schema\/person\/70ed6027c232abf21f648b176cd6af93"},"headline":"PARTENAIRES","datePublished":"2022-04-20T08:44:53+00:00","dateModified":"2022-09-17T08:23:18+00:00","mainEntityOfPage":{"@id":"https:\/\/eveil-musical-lille.fr\/index.php\/eveil-musical-lille-3\/"},"wordCount":335,"publisher":{"@id":"https:\/\/eveil-musical-lille.fr\/#organization"},"image":{"@id":"https:\/\/eveil-musical-lille.fr\/index.php\/eveil-musical-lille-3\/#primaryimage"},"thumbnailUrl":"https:\/\/courspianolille.files.wordpress.com\/2022\/03\/1080p_template_logo.jpg?w=300","inLanguage":"en-US"},{"@type":"WebPage","@id":"https:\/\/eveil-musical-lille.fr\/index.php\/eveil-musical-lille-3\/","url":"https:\/\/eveil-musical-lille.fr\/index.php\/eveil-musical-lille-3\/","name":"PARTENAIRES - EVEIL MUSICAL A LILLE METROPOLE","isPartOf":{"@id":"https:\/\/eveil-musical-lille.fr\/#website"},"primaryImageOfPage":{"@id":"https:\/\/eveil-musical-lille.fr\/index.php\/eveil-musical-lille-3\/#primaryimage"},"image":{"@id":"https:\/\/eveil-musical-lille.fr\/index.php\/eveil-musical-lille-3\/#primaryimage"},"thumbnailUrl":"https:\/\/courspianolille.files.wordpress.com\/2022\/03\/1080p_template_logo.jpg?w=300","datePublished":"2022-04-20T08:44:53+00:00","dateModified":"2022-09-17T08:23:18+00:00","description":"Musician Kids Institute (l'\u00e9veil musical \u00e0 Lille) est une \u00e9cole professionnelle, situ\u00e9e \u00e0 Tourcoing, ouverte \u00e0 tous les \u00e9l\u00e8ves de 4 \u00e0 10 ans.","breadcrumb":{"@id":"https:\/\/eveil-musical-lille.fr\/index.php\/eveil-musical-lille-3\/#breadcrumb"},"inLanguage":"en-US","potentialAction":[{"@type":"ReadAction","target":["https:\/\/eveil-musical-lille.fr\/index.php\/eveil-musical-lille-3\/"]}]},{"@type":"ImageObject","inLanguage":"en-US","@id":"https:\/\/eveil-musical-lille.fr\/index.php\/eveil-musical-lille-3\/#primaryimage","url":"https:\/\/courspianolille.files.wordpress.com\/2022\/03\/1080p_template_logo.jpg?w=300","contentUrl":"https:\/\/courspianolille.files.wordpress.com\/2022\/03\/1080p_template_logo.jpg?w=300"},{"@type":"BreadcrumbList","@id":"https:\/\/eveil-musical-lille.fr\/index.php\/eveil-musical-lille-3\/#breadcrumb","itemListElement":[{"@type":"ListItem","position":1,"name":"Accueil","item":"https:\/\/eveil-musical-lille.fr\/"},{"@type":"ListItem","position":2,"name":"PARTENAIRES"}]},{"@type":"WebSite","@id":"https:\/\/eveil-musical-lille.fr\/#website","url":"https:\/\/eveil-musical-lille.fr\/","name":"EVEIL MUSICAL A LILLE METROPOLE","description":"MUSICIAN KIDS INSTITUTE","publisher":{"@id":"https:\/\/eveil-musical-lille.fr\/#organization"},"potentialAction":[{"@type":"SearchAction","target":{"@type":"EntryPoint","urlTemplate":"https:\/\/eveil-musical-lille.fr\/?s={search_term_string}"},"query-input":{"@type":"PropertyValueSpecification","valueRequired":true,"valueName":"search_term_string"}}],"inLanguage":"en-US"},{"@type":"Organization","@id":"https:\/\/eveil-musical-lille.fr\/#organization","name":"Musician Kids Institute","url":"https:\/\/eveil-musical-lille.fr\/","logo":{"@type":"ImageObject","inLanguage":"en-US","@id":"https:\/\/eveil-musical-lille.fr\/#\/schema\/logo\/image\/","url":"https:\/\/eveil-musical-lille.fr\/wp-content\/uploads\/2022\/04\/cropped-Logo-Kids-site-1.png","contentUrl":"https:\/\/eveil-musical-lille.fr\/wp-content\/uploads\/2022\/04\/cropped-Logo-Kids-site-1.png","width":2000,"height":991,"caption":"Musician Kids Institute"},"image":{"@id":"https:\/\/eveil-musical-lille.fr\/#\/schema\/logo\/image\/"},"sameAs":["https:\/\/www.facebook.com\/Musician-Kids-Institute-101004575925575\/"]},{"@type":"Person","@id":"https:\/\/eveil-musical-lille.fr\/#\/schema\/person\/70ed6027c232abf21f648b176cd6af93","name":"admin3546","image":{"@type":"ImageObject","inLanguage":"en-US","@id":"https:\/\/secure.gravatar.com\/avatar\/cfe1d948173a8bdb612aadd839c32e16c97fb43ac65fcb922ed5a748d384c00b?s=96&d=mm&r=g","url":"https:\/\/secure.gravatar.com\/avatar\/cfe1d948173a8bdb612aadd839c32e16c97fb43ac65fcb922ed5a748d384c00b?s=96&d=mm&r=g","contentUrl":"https:\/\/secure.gravatar.com\/avatar\/cfe1d948173a8bdb612aadd839c32e16c97fb43ac65fcb922ed5a748d384c00b?s=96&d=mm&r=g","caption":"admin3546"},"sameAs":["http:\/\/eveil-musical-lille.fr"],"url":"https:\/\/eveil-musical-lille.fr\/index.php\/author\/admin3546\/"}]}},"_links":{"self":[{"href":"https:\/\/eveil-musical-lille.fr\/index.php\/wp-json\/wp\/v2\/pages\/190","targetHints":{"allow":["GET"]}}],"collection":[{"href":"https:\/\/eveil-musical-lille.fr\/index.php\/wp-json\/wp\/v2\/pages"}],"about":[{"href":"https:\/\/eveil-musical-lille.fr\/index.php\/wp-json\/wp\/v2\/types\/page"}],"author":[{"embeddable":true,"href":"https:\/\/eveil-musical-lille.fr\/index.php\/wp-json\/wp\/v2\/users\/1"}],"replies":[{"embeddable":true,"href":"https:\/\/eveil-musical-lille.fr\/index.php\/wp-json\/wp\/v2\/comments?post=190"}],"version-history":[{"count":32,"href":"https:\/\/eveil-musical-lille.fr\/index.php\/wp-json\/wp\/v2\/pages\/190\/revisions"}],"predecessor-version":[{"id":650,"href":"https:\/\/eveil-musical-lille.fr\/index.php\/wp-json\/wp\/v2\/pages\/190\/revisions\/650"}],"wp:attachment":[{"href":"https:\/\/eveil-musical-lille.fr\/index.php\/wp-json\/wp\/v2\/media?parent=190"}],"curies":[{"name":"wp","href":"https:\/\/api.w.org\/{rel}","templated":true}]}}